{"id":14919,"date":"2025-12-05T15:19:03","date_gmt":"2025-12-05T12:19:03","guid":{"rendered":"https:\/\/memurunsesi.net\/?page_id=14919"},"modified":"2025-12-05T15:25:33","modified_gmt":"2025-12-05T12:25:33","slug":"memurun-sesi-kunye-imtiyaz-sahibi-ve-yayin-bilgileri","status":"publish","type":"page","link":"https:\/\/memurunsesi.net\/index.php\/memurun-sesi-kunye-imtiyaz-sahibi-ve-yayin-bilgileri\/","title":{"rendered":"K\u00fcnye"},"content":{"rendered":"<h1 data-start=\"240\" data-end=\"288\">K\u00dcNYE B\u0130LG\u0130LER\u0130<\/h1>\n<hr data-start=\"364\" data-end=\"367\" \/>\n<h2 data-start=\"369\" data-end=\"391\"><\/h2>\n<p data-start=\"393\" data-end=\"428\"><strong data-start=\"393\" data-end=\"411\">\u0130mtiyaz Sahibi<\/strong><br data-start=\"411\" data-end=\"414\" \/>Memurun Sesi<\/p>\n<p data-start=\"430\" data-end=\"472\"><strong data-start=\"430\" data-end=\"455\">Genel Yay\u0131n Y\u00f6netmeni<\/strong><br data-start=\"455\" data-end=\"458\" \/>Erdem YAL\u00c7IN<\/p>\n<p data-start=\"474\" data-end=\"520\"><strong data-start=\"474\" data-end=\"504\">Sorumlu Yaz\u0131 \u0130\u015fleri M\u00fcd\u00fcr\u00fc<\/strong><br data-start=\"504\" data-end=\"507\" \/>G\u00f6n\u00fcl TERZ\u0130<\/p>\n<p data-start=\"522\" data-end=\"562\"><strong data-start=\"522\" data-end=\"532\">Edit\u00f6r<\/strong><br data-start=\"532\" data-end=\"535\" \/>Memurun Sesi Edit\u00f6r Ekibi<\/p>\n<p data-start=\"564\" data-end=\"619\"><strong data-start=\"564\" data-end=\"578\">Yay\u0131n T\u00fcr\u00fc<\/strong><br data-start=\"578\" data-end=\"581\" \/>S\u00fcreli Yay\u0131n \u2013 \u0130nternet Haber Sitesi<\/p>\n<p data-start=\"621\" data-end=\"650\"><strong data-start=\"621\" data-end=\"638\">Yay\u0131n Merkezi<\/strong><br data-start=\"638\" data-end=\"641\" \/>MUSTAFA KEMAL MAHALLES\u0130 2100 SOK NO:4 \u00c7ANKAYA\/ ANKARA<\/p>\n<p data-start=\"652\" data-end=\"701\"><strong data-start=\"652\" data-end=\"672\">\u0130leti\u015fim E-Posta<\/strong><br data-start=\"672\" data-end=\"675\" \/><a class=\"decorated-link cursor-pointer\" rel=\"noopener\" data-start=\"675\" data-end=\"699\">unipersenmedya@gmail.com<\/a><\/p>\n<p data-start=\"703\" data-end=\"749\"><strong data-start=\"703\" data-end=\"717\">Web Sitesi<\/strong><br data-start=\"717\" data-end=\"720\" \/><a class=\"decorated-link\" href=\"https:\/\/www.memurunsesi.net\" target=\"_new\" rel=\"noopener\" data-start=\"720\" data-end=\"747\">https:\/\/www.memurunsesi.net<\/a><\/p>\n<hr data-start=\"751\" data-end=\"754\" \/>\n<p data-start=\"756\" data-end=\"949\"><strong data-start=\"756\" data-end=\"771\">Yasal Uyar\u0131<\/strong><br data-start=\"771\" data-end=\"774\" \/>Memurun Sesi, 5651 say\u0131l\u0131 yasa kapsam\u0131nda yer sa\u011flay\u0131c\u0131 olarak hizmet vermektedir. Sitemizde yay\u0131mlanan i\u00e7eriklerden do\u011fabilecek hukuki sorumluluk i\u00e7erik sa\u011flay\u0131c\u0131lara aittir.<\/p>\n","protected":false},"excerpt":{"rendered":"<p>K\u00dcNYE B\u0130LG\u0130LER\u0130 \u0130mtiyaz SahibiMemurun Sesi Genel Yay\u0131n Y\u00f6netmeniErdem YAL\u00c7IN Sorumlu Yaz\u0131 \u0130\u015fleri M\u00fcd\u00fcr\u00fcG\u00f6n\u00fcl TERZ\u0130 Edit\u00f6rMemurun Sesi Edit\u00f6r Ekibi Yay\u0131n T\u00fcr\u00fcS\u00fcreli Yay\u0131n \u2013 \u0130nternet Haber Sitesi Yay\u0131n MerkeziMUSTAFA KEMAL MAHALLES\u0130 2100 SOK NO:4 \u00c7ANKAYA\/ ANKARA \u0130leti\u015fim E-Postaunipersenmedya@gmail.com Web Sitesihttps:\/\/www.memurunsesi.net Yasal Uyar\u0131Memurun Sesi, 5651 say\u0131l\u0131 yasa kapsam\u0131nda yer sa\u011flay\u0131c\u0131 olarak hizmet vermektedir. Sitemizde yay\u0131mlanan i\u00e7eriklerden do\u011fabilecek hukuki [&hellip;]<\/p>\n","protected":false},"author":1,"featured_media":0,"parent":0,"menu_order":0,"comment_status":"closed","ping_status":"closed","template":"","meta":{"footnotes":""},"class_list":["post-14919","page","type-page","status-publish","hentry"],"yoast_head":"<!-- This site is optimized with the Yoast SEO plugin v27.4 - https:\/\/yoast.com\/product\/yoast-seo-wordpress\/ -->\n<title>K\u00fcnye - Memurun Sesi<\/title>\n<meta name=\"description\" content=\"Memurun Sesi k\u00fcnye bilgileri, imtiyaz sahibi, yay\u0131n y\u00f6netimi, edit\u00f6r kadrosu ve ileti\u015fim bilgilerine bu sayfadan ula\u015fabilirsiniz.\" \/>\n<meta name=\"robots\" content=\"index, follow, max-snippet:-1, max-image-preview:large, max-video-preview:-1\" \/>\n<link rel=\"canonical\" href=\"https:\/\/memurunsesi.net\/index.php\/memurun-sesi-kunye-imtiyaz-sahibi-ve-yayin-bilgileri\/\" \/>\n<meta property=\"og:locale\" content=\"tr_TR\" \/>\n<meta property=\"og:type\" content=\"article\" \/>\n<meta property=\"og:title\" content=\"K\u00fcnye - Memurun Sesi\" \/>\n<meta property=\"og:description\" content=\"Memurun Sesi k\u00fcnye bilgileri, imtiyaz sahibi, yay\u0131n y\u00f6netimi, edit\u00f6r kadrosu ve ileti\u015fim bilgilerine bu sayfadan ula\u015fabilirsiniz.\" \/>\n<meta property=\"og:url\" content=\"https:\/\/memurunsesi.net\/index.php\/memurun-sesi-kunye-imtiyaz-sahibi-ve-yayin-bilgileri\/\" \/>\n<meta property=\"og:site_name\" content=\"Memurun Sesi\" \/>\n<meta property=\"article:publisher\" content=\"https:\/\/www.facebook.com\/unipersen\/?locale=tr_TR\" \/>\n<meta property=\"article:modified_time\" content=\"2025-12-05T12:25:33+00:00\" \/>\n<meta name=\"twitter:card\" content=\"summary_large_image\" \/>\n<meta name=\"twitter:site\" content=\"@unipersen\" \/>\n<meta name=\"twitter:label1\" content=\"Tahmini okuma s\u00fcresi\" \/>\n\t<meta name=\"twitter:data1\" content=\"1 dakika\" \/>\n<script type=\"application\/ld+json\" class=\"yoast-schema-graph\">{\"@context\":\"https:\\\/\\\/schema.org\",\"@graph\":[{\"@type\":\"WebPage\",\"@id\":\"https:\\\/\\\/memurunsesi.net\\\/index.php\\\/memurun-sesi-kunye-imtiyaz-sahibi-ve-yayin-bilgileri\\\/\",\"url\":\"https:\\\/\\\/memurunsesi.net\\\/index.php\\\/memurun-sesi-kunye-imtiyaz-sahibi-ve-yayin-bilgileri\\\/\",\"name\":\"K\u00fcnye - Memurun Sesi\",\"isPartOf\":{\"@id\":\"https:\\\/\\\/memurunsesi.net\\\/#website\"},\"datePublished\":\"2025-12-05T12:19:03+00:00\",\"dateModified\":\"2025-12-05T12:25:33+00:00\",\"description\":\"Memurun Sesi k\u00fcnye bilgileri, imtiyaz sahibi, yay\u0131n y\u00f6netimi, edit\u00f6r kadrosu ve ileti\u015fim bilgilerine bu sayfadan ula\u015fabilirsiniz.\",\"breadcrumb\":{\"@id\":\"https:\\\/\\\/memurunsesi.net\\\/index.php\\\/memurun-sesi-kunye-imtiyaz-sahibi-ve-yayin-bilgileri\\\/#breadcrumb\"},\"inLanguage\":\"tr\",\"potentialAction\":[{\"@type\":\"ReadAction\",\"target\":[\"https:\\\/\\\/memurunsesi.net\\\/index.php\\\/memurun-sesi-kunye-imtiyaz-sahibi-ve-yayin-bilgileri\\\/\"]}]},{\"@type\":\"BreadcrumbList\",\"@id\":\"https:\\\/\\\/memurunsesi.net\\\/index.php\\\/memurun-sesi-kunye-imtiyaz-sahibi-ve-yayin-bilgileri\\\/#breadcrumb\",\"itemListElement\":[{\"@type\":\"ListItem\",\"position\":1,\"name\":\"Anasayfa\",\"item\":\"https:\\\/\\\/memurunsesi.net\\\/\"},{\"@type\":\"ListItem\",\"position\":2,\"name\":\"K\u00fcnye\"}]},{\"@type\":\"WebSite\",\"@id\":\"https:\\\/\\\/memurunsesi.net\\\/#website\",\"url\":\"https:\\\/\\\/memurunsesi.net\\\/\",\"name\":\"Memurun Sesi\",\"description\":\"G\u00fcncel ve Do\u011fru Haber\",\"publisher\":{\"@id\":\"https:\\\/\\\/memurunsesi.net\\\/#organization\"},\"potentialAction\":[{\"@type\":\"SearchAction\",\"target\":{\"@type\":\"EntryPoint\",\"urlTemplate\":\"https:\\\/\\\/memurunsesi.net\\\/?s={search_term_string}\"},\"query-input\":{\"@type\":\"PropertyValueSpecification\",\"valueRequired\":true,\"valueName\":\"search_term_string\"}}],\"inLanguage\":\"tr\"},{\"@type\":\"Organization\",\"@id\":\"https:\\\/\\\/memurunsesi.net\\\/#organization\",\"name\":\"Memurun Sesi\",\"url\":\"https:\\\/\\\/memurunsesi.net\\\/\",\"logo\":{\"@type\":\"ImageObject\",\"inLanguage\":\"tr\",\"@id\":\"https:\\\/\\\/memurunsesi.net\\\/#\\\/schema\\\/logo\\\/image\\\/\",\"url\":\"https:\\\/\\\/memurunsesi.net\\\/wp-content\\\/uploads\\\/2025\\\/11\\\/cropped-MEMURUN-SESI.png\",\"contentUrl\":\"https:\\\/\\\/memurunsesi.net\\\/wp-content\\\/uploads\\\/2025\\\/11\\\/cropped-MEMURUN-SESI.png\",\"width\":238,\"height\":57,\"caption\":\"Memurun Sesi\"},\"image\":{\"@id\":\"https:\\\/\\\/memurunsesi.net\\\/#\\\/schema\\\/logo\\\/image\\\/\"},\"sameAs\":[\"https:\\\/\\\/www.facebook.com\\\/unipersen\\\/?locale=tr_TR\",\"https:\\\/\\\/x.com\\\/unipersen\"]}]}<\/script>\n<!-- \/ Yoast SEO plugin. -->","yoast_head_json":{"title":"K\u00fcnye - Memurun Sesi","description":"Memurun Sesi k\u00fcnye bilgileri, imtiyaz sahibi, yay\u0131n y\u00f6netimi, edit\u00f6r kadrosu ve ileti\u015fim bilgilerine bu sayfadan ula\u015fabilirsiniz.","robots":{"index":"index","follow":"follow","max-snippet":"max-snippet:-1","max-image-preview":"max-image-preview:large","max-video-preview":"max-video-preview:-1"},"canonical":"https:\/\/memurunsesi.net\/index.php\/memurun-sesi-kunye-imtiyaz-sahibi-ve-yayin-bilgileri\/","og_locale":"tr_TR","og_type":"article","og_title":"K\u00fcnye - Memurun Sesi","og_description":"Memurun Sesi k\u00fcnye bilgileri, imtiyaz sahibi, yay\u0131n y\u00f6netimi, edit\u00f6r kadrosu ve ileti\u015fim bilgilerine bu sayfadan ula\u015fabilirsiniz.","og_url":"https:\/\/memurunsesi.net\/index.php\/memurun-sesi-kunye-imtiyaz-sahibi-ve-yayin-bilgileri\/","og_site_name":"Memurun Sesi","article_publisher":"https:\/\/www.facebook.com\/unipersen\/?locale=tr_TR","article_modified_time":"2025-12-05T12:25:33+00:00","twitter_card":"summary_large_image","twitter_site":"@unipersen","twitter_misc":{"Tahmini okuma s\u00fcresi":"1 dakika"},"schema":{"@context":"https:\/\/schema.org","@graph":[{"@type":"WebPage","@id":"https:\/\/memurunsesi.net\/index.php\/memurun-sesi-kunye-imtiyaz-sahibi-ve-yayin-bilgileri\/","url":"https:\/\/memurunsesi.net\/index.php\/memurun-sesi-kunye-imtiyaz-sahibi-ve-yayin-bilgileri\/","name":"K\u00fcnye - Memurun Sesi","isPartOf":{"@id":"https:\/\/memurunsesi.net\/#website"},"datePublished":"2025-12-05T12:19:03+00:00","dateModified":"2025-12-05T12:25:33+00:00","description":"Memurun Sesi k\u00fcnye bilgileri, imtiyaz sahibi, yay\u0131n y\u00f6netimi, edit\u00f6r kadrosu ve ileti\u015fim bilgilerine bu sayfadan ula\u015fabilirsiniz.","breadcrumb":{"@id":"https:\/\/memurunsesi.net\/index.php\/memurun-sesi-kunye-imtiyaz-sahibi-ve-yayin-bilgileri\/#breadcrumb"},"inLanguage":"tr","potentialAction":[{"@type":"ReadAction","target":["https:\/\/memurunsesi.net\/index.php\/memurun-sesi-kunye-imtiyaz-sahibi-ve-yayin-bilgileri\/"]}]},{"@type":"BreadcrumbList","@id":"https:\/\/memurunsesi.net\/index.php\/memurun-sesi-kunye-imtiyaz-sahibi-ve-yayin-bilgileri\/#breadcrumb","itemListElement":[{"@type":"ListItem","position":1,"name":"Anasayfa","item":"https:\/\/memurunsesi.net\/"},{"@type":"ListItem","position":2,"name":"K\u00fcnye"}]},{"@type":"WebSite","@id":"https:\/\/memurunsesi.net\/#website","url":"https:\/\/memurunsesi.net\/","name":"Memurun Sesi","description":"G\u00fcncel ve Do\u011fru Haber","publisher":{"@id":"https:\/\/memurunsesi.net\/#organization"},"potentialAction":[{"@type":"SearchAction","target":{"@type":"EntryPoint","urlTemplate":"https:\/\/memurunsesi.net\/?s={search_term_string}"},"query-input":{"@type":"PropertyValueSpecification","valueRequired":true,"valueName":"search_term_string"}}],"inLanguage":"tr"},{"@type":"Organization","@id":"https:\/\/memurunsesi.net\/#organization","name":"Memurun Sesi","url":"https:\/\/memurunsesi.net\/","logo":{"@type":"ImageObject","inLanguage":"tr","@id":"https:\/\/memurunsesi.net\/#\/schema\/logo\/image\/","url":"https:\/\/memurunsesi.net\/wp-content\/uploads\/2025\/11\/cropped-MEMURUN-SESI.png","contentUrl":"https:\/\/memurunsesi.net\/wp-content\/uploads\/2025\/11\/cropped-MEMURUN-SESI.png","width":238,"height":57,"caption":"Memurun Sesi"},"image":{"@id":"https:\/\/memurunsesi.net\/#\/schema\/logo\/image\/"},"sameAs":["https:\/\/www.facebook.com\/unipersen\/?locale=tr_TR","https:\/\/x.com\/unipersen"]}]}},"_links":{"self":[{"href":"https:\/\/memurunsesi.net\/index.php\/wp-json\/wp\/v2\/pages\/14919","targetHints":{"allow":["GET"]}}],"collection":[{"href":"https:\/\/memurunsesi.net\/index.php\/wp-json\/wp\/v2\/pages"}],"about":[{"href":"https:\/\/memurunsesi.net\/index.php\/wp-json\/wp\/v2\/types\/page"}],"author":[{"embeddable":true,"href":"https:\/\/memurunsesi.net\/index.php\/wp-json\/wp\/v2\/users\/1"}],"replies":[{"embeddable":true,"href":"https:\/\/memurunsesi.net\/index.php\/wp-json\/wp\/v2\/comments?post=14919"}],"version-history":[{"count":3,"href":"https:\/\/memurunsesi.net\/index.php\/wp-json\/wp\/v2\/pages\/14919\/revisions"}],"predecessor-version":[{"id":14923,"href":"https:\/\/memurunsesi.net\/index.php\/wp-json\/wp\/v2\/pages\/14919\/revisions\/14923"}],"wp:attachment":[{"href":"https:\/\/memurunsesi.net\/index.php\/wp-json\/wp\/v2\/media?parent=14919"}],"curies":[{"name":"wp","href":"https:\/\/api.w.org\/{rel}","templated":true}]}}